{"id":3380,"date":"2024-04-30T10:14:12","date_gmt":"2024-04-30T10:14:12","guid":{"rendered":"https:\/\/artofgaming.eu\/?page_id=3380"},"modified":"2024-06-11T10:11:36","modified_gmt":"2024-06-11T10:11:36","slug":"custom-pc","status":"publish","type":"page","link":"https:\/\/artofgaming.eu\/et\/custom-pc\/","title":{"rendered":"Custom PC"},"content":{"rendered":"<style>.elementor-3380 .elementor-element.elementor-element-eaa4bb1{--display:flex;--flex-direction:row;--container-widget-width:initial;--container-widget-height:100%;--container-widget-flex-grow:1;--container-widget-align-self:stretch;--flex-wrap-mobile:wrap;--justify-content:center;--gap:0px 0px;--row-gap:0px;--column-gap:0px;--overflow:hidden;--margin-top:0px;--margin-bottom:0px;--margin-left:0px;--margin-right:0px;--padding-top:120px;--padding-bottom:120px;--padding-left:30px;--padding-right:30px;}.elementor-3380 .elementor-element.elementor-element-eaa4bb1:not(.elementor-motion-effects-element-type-background), .elementor-3380 .elementor-element.elementor-element-eaa4bb1 > .elementor-motion-effects-container > .elementor-motion-effects-layer{background-color:#000000;}.elementor-3380 .elementor-element.elementor-element-a03048b{--display:flex;--flex-direction:column;--container-widget-width:100%;--container-widget-height:initial;--container-widget-flex-grow:0;--container-widget-align-self:initial;--flex-wrap-mobile:wrap;--gap:20px 20px;--row-gap:20px;--column-gap:20px;--margin-top:0px;--margin-bottom:0px;--margin-left:0px;--margin-right:0px;--padding-top:0px;--padding-bottom:0px;--padding-left:0px;--padding-right:0px;}.elementor-3380 .elementor-element.elementor-element-a03048b:not(.elementor-motion-effects-element-type-background), .elementor-3380 .elementor-element.elementor-element-a03048b > .elementor-motion-effects-container > .elementor-motion-effects-layer{background-color:var( --e-global-color-secondary );}:root{--page-title-display:none;}@media(max-width:1024px){.elementor-3380 .elementor-element.elementor-element-eaa4bb1{--padding-top:80px;--padding-bottom:70px;--padding-left:30px;--padding-right:30px;}.elementor-3380 .elementor-element.elementor-element-a03048b{--gap:020px 020px;--row-gap:020px;--column-gap:020px;--padding-top:0px;--padding-bottom:0px;--padding-left:0px;--padding-right:0px;}}@media(max-width:767px){.elementor-3380 .elementor-element.elementor-element-eaa4bb1{--padding-top:50px;--padding-bottom:50px;--padding-left:20px;--padding-right:20px;}.elementor-3380 .elementor-element.elementor-element-a03048b{--border-radius:10px 10px 10px 10px;--margin-top:0px;--margin-bottom:0px;--margin-left:0px;--margin-right:0px;--padding-top:0px;--padding-bottom:0px;--padding-left:0px;--padding-right:0px;}}@media(min-width:768px){.elementor-3380 .elementor-element.elementor-element-a03048b{--width:57.496%;}}@media(max-width:1024px) and (min-width:768px){.elementor-3380 .elementor-element.elementor-element-a03048b{--width:75%;}}\/* Start custom CSS for shortcode, class: .elementor-element-21ef0ed *\/.elementor-3380 .elementor-element.elementor-element-21ef0ed input:-webkit-autofill, .elementor-3380 .elementor-element.elementor-element-21ef0ed \ninput:-webkit-autofill:hover, .elementor-3380 .elementor-element.elementor-element-21ef0ed  \ninput:-webkit-autofill:focus\ninput:-webkit-autofill, .elementor-3380 .elementor-element.elementor-element-21ef0ed  \ntextarea:-webkit-autofill, .elementor-3380 .elementor-element.elementor-element-21ef0ed \ntextarea:-webkit-autofill:hover\ntextarea:-webkit-autofill:focus, .elementor-3380 .elementor-element.elementor-element-21ef0ed \nselect:-webkit-autofill, .elementor-3380 .elementor-element.elementor-element-21ef0ed \nselect:-webkit-autofill:hover, .elementor-3380 .elementor-element.elementor-element-21ef0ed \nselect:-webkit-autofill:focus {\n  border: 0;\n  -webkit-text-fill-color: white;\n  -webkit-box-shadow: 0 0 0px 1000px transparent inset;\n  transition: background-color 5000s ease-in-out 0s;\n  background: -webkit-linear-gradient(top,  rgba(255,255,255,0) 0%,rgba(0,174,255,0.04) 50%,rgba(255,255,255,0) 51%,rgba(0,174,255,0.03) 100%);  \n}\n\n.elementor-3380 .elementor-element.elementor-element-21ef0ed {\n    padding: 29px 35px 38px 35px;\n}\n\n.elementor-3380 .elementor-element.elementor-element-21ef0ed .input-field-wrapper {\n    padding: 12px 15px 19px 15px;\n    width: 50%;\n}\n\n.elementor-3380 .elementor-element.elementor-element-21ef0ed h3 {\n    color: var( --e-global-color-primary );\n    font-family: \"Poppins\", Sans-serif;\n    font-size: 24px;\n    font-weight: 600;\n    line-height: 1.5em;\n}\n\n.elementor-3380 .elementor-element.elementor-element-21ef0ed p {\n    color: var( --e-global-color-text );\n    font-family: var( --e-global-typography-text-font-family ), Sans-serif;\n    font-size: var( --e-global-typography-text-font-size );\n    font-weight: var( --e-global-typography-text-font-weight );\n    line-height: var( --e-global-typography-text-line-height );\n}\n\n.elementor-3380 .elementor-element.elementor-element-21ef0ed .form-divider {\n    padding: 12px 15px 33px 15px;\n    p {\n        margin: 0;\n        border-top: 1px solid var(--e-global-color-3b57a84);\n    }\n}\n\n.elementor-3380 .elementor-element.elementor-element-21ef0ed .form-top-text, .elementor-3380 .elementor-element.elementor-element-21ef0ed .form-bottom-text, .elementor-3380 .elementor-element.elementor-element-21ef0ed .form-question {\n    padding: 12px 15px 12px 15px;\n}\n\n.elementor-3380 .elementor-element.elementor-element-21ef0ed .form-comments-button {\n    padding: 18px 15px 12px 15px;\n}\n\n.elementor-3380 .elementor-element.elementor-element-21ef0ed label {\n    display: block;\n    color: var( --e-global-color-primary );\n    font-family: \"Poppins\", Sans-serif;\n    font-size: 13px;\n    font-weight: 500;\n    line-height: 1.5em;\n    span {\n        color: var( --e-global-color-accent );\n    }\n}\n\n.elementor-3380 .elementor-element.elementor-element-21ef0ed input, .elementor-3380 .elementor-element.elementor-element-21ef0ed select {\n    margin-top: 7px;\n    padding: 15px 24px 17px 24px;\n    border-radius: 60px;\n    background-color: var( --e-global-color-49d0acb );\n    color: var( --e-global-color-primary );\n    font-family: \"Poppins\", Sans-serif;\n    font-size: 16px;\n    font-weight: 400;\n    line-height: 1.5em;\n}\n\n.elementor-3380 .elementor-element.elementor-element-21ef0ed select {\n    -webkit-appearance: none;\n}\n\n.elementor-3380 .elementor-element.elementor-element-21ef0ed .select-wrapper > * :after {\n    content: \"\";\n    border-bottom: solid transparent 5px;\n    border-left: solid transparent 5px;\n    border-right: solid transparent 5px;\n    border-top: solid white 5px;\n    position: absolute;\n    top: 50%;\n    right: 20px;\n    transform: translateY(-50%);\n    pointer-events: none;\n}\n\n.elementor-3380 .elementor-element.elementor-element-21ef0ed textarea {\n    margin-top: 7px;\n    padding: 15px 24px 17px 24px;\n    border-radius: 10px;\n    background-color: var( --e-global-color-49d0acb );\n    color: var( --e-global-color-primary );\n    font-family: \"Poppins\", Sans-serif;\n    font-size: 16px;\n    font-weight: 400;\n    line-height: 1.5em;\n    height: 180px\n}\n\n.elementor-3380 .elementor-element.elementor-element-21ef0ed .form-comments-button input {\n    padding: 17px 28px 16px 28px;\n    font-family: var( --e-global-typography-1d364b0-font-family ), Sans-serif;\n    font-size: var( --e-global-typography-1d364b0-font-size );\n    font-weight: var( --e-global-typography-1d364b0-font-weight );\n    line-height: var( --e-global-typography-1d364b0-line-height );\n    letter-spacing: var( --e-global-typography-1d364b0-letter-spacing );\n    word-spacing: var( --e-global-typography-1d364b0-word-spacing );\n    color: var( --e-global-color-primary );\n    background-color: transparent;\n    background-image: linear-gradient(234deg, var( --e-global-color-accent ) 5%, var( --e-global-color-8991aeb ) 95%);\n    border-style: none;\n    border-radius: 66px 66px 66px 66px;\n    box-shadow: 0px 0px 0px 0px rgba(0,0,0,0.5) inset;\n}\n\n.elementor-3380 .elementor-element.elementor-element-21ef0ed .form-question {\n    text-align: center;\n    color: var( --e-global-color-accent );\n    font-family: var( --e-global-typography-8be90a9-font-family ), Sans-serif;\n    font-size: var( --e-global-typography-8be90a9-font-size );\n    font-weight: var( --e-global-typography-8be90a9-font-weight );\n    text-transform: var( --e-global-typography-8be90a9-text-transform );\n    line-height: var( --e-global-typography-8be90a9-line-height );\n    letter-spacing: var( --e-global-typography-8be90a9-letter-spacing );\n    word-spacing: var( --e-global-typography-8be90a9-word-spacing );\n}\n\n.elementor-3380 .elementor-element.elementor-element-21ef0ed .wpcf7-not-valid-tip {\n    margin-top: 7px;\n}\n\n.elementor-3380 .elementor-element.elementor-element-21ef0ed .wpcf7-response-output {\n    border-color: var( --e-global-color-accent );\n    font-family: Poppins;\n}\n\n@media (max-width: 767px) {\n    .elementor-3380 .elementor-element.elementor-element-21ef0ed div {\n        flex-direction: column !important;\n    }\n    .elementor-3380 .elementor-element.elementor-element-21ef0ed .input-field-wrapper {\n        width: 100%;\n    }\n    .elementor-3380 .elementor-element.elementor-element-21ef0ed .form-comments-button input {\n        width: 100%;\n    }\n}\/* End custom CSS *\/<\/style>\t\t<div data-elementor-type=\"wp-page\" data-elementor-id=\"3380\" class=\"elementor elementor-3380\" data-elementor-post-type=\"page\">\n\t\t\t\t<section class=\"elementor-element elementor-element-eaa4bb1 e-con-full e-flex e-con e-parent\" data-id=\"eaa4bb1\" data-element_type=\"container\" data-e-type=\"container\" data-settings=\"{&quot;background_background&quot;:&quot;classic&quot;}\">\n\t\t<div class=\"elementor-element elementor-element-a03048b e-con-full e-flex elementor-invisible e-con e-child\" data-id=\"a03048b\" data-element_type=\"container\" data-e-type=\"container\" data-settings=\"{&quot;animation&quot;:&quot;fadeInUp&quot;,&quot;background_background&quot;:&quot;classic&quot;}\">\n\t\t\t\t<div class=\"elementor-element elementor-element-21ef0ed elementor-widget elementor-widget-shortcode\" data-id=\"21ef0ed\" data-element_type=\"widget\" data-e-type=\"widget\" data-widget_type=\"shortcode.default\">\n\t\t\t\t\t\t\t<div class=\"elementor-shortcode\">\n<div class=\"wpcf7 no-js\" id=\"wpcf7-f3385-o1\" lang=\"en-US\" dir=\"ltr\" data-wpcf7-id=\"3385\">\n<div class=\"screen-reader-response\"><p role=\"status\" aria-live=\"polite\" aria-atomic=\"true\"><\/p> <ul><\/ul><\/div>\n<form action=\"\/et\/wp-json\/wp\/v2\/pages\/3380#wpcf7-f3385-o1\" method=\"post\" class=\"wpcf7-form init\" aria-label=\"Contact form\" novalidate=\"novalidate\" data-status=\"init\">\n<fieldset class=\"hidden-fields-container\"><input type=\"hidden\" name=\"_wpcf7\" value=\"3385\" \/><input type=\"hidden\" name=\"_wpcf7_version\" value=\"6.1.5\" \/><input type=\"hidden\" name=\"_wpcf7_locale\" value=\"en_US\" \/><input type=\"hidden\" name=\"_wpcf7_unit_tag\" value=\"wpcf7-f3385-o1\" \/><input type=\"hidden\" name=\"_wpcf7_container_post\" value=\"0\" \/><input type=\"hidden\" name=\"_wpcf7_posted_data_hash\" value=\"\" \/>\n<\/fieldset>\n<p class=\"form-question\">Kas soovite paluda meil luua teile arvuti?\n<\/p>\n<div class=\"form-top-text\" style=\"display: flex; flex-direction: column;\">\n\t<h3>Tere, siin saate saata p\u00e4ringu oma uue eritellimusel valmistatud arvuti kohta\n\t<\/h3>\n\t<p>Palun t\u00e4itke p\u00e4ring, et oma soove paremini m\u00f5ista.\n\t<\/p>\n<\/div>\n<div class=\"form-divider\">\n\t<p><span><\/span>\n\t<\/p>\n<\/div>\n<div style=\"display: flex; flex-direction: column;\">\n\t<div style=\"display: flex; flex-direction: row;\">\n\t\t<div class=\"input-field-wrapper form-col-1\">\n\t\t\t<p><label> Ees- ja perekonnanimi <span>*<\/span><br \/>\n<span class=\"wpcf7-form-control-wrap\" data-name=\"your-name\"><input size=\"40\" maxlength=\"400\" class=\"wpcf7-form-control wpcf7-text wpcf7-validates-as-required\" autocomplete=\"name\" aria-required=\"true\" aria-invalid=\"false\" placeholder=\"Ees- ja perekonnanimi\" value=\"\" type=\"text\" name=\"your-name\" \/><\/span> <\/label>\n\t\t\t<\/p>\n\t\t<\/div>\n\t\t<div class=\"input-field-wrapper form-col-2\">\n\t\t\t<p><label> E-posti aadress <span>*<\/span><br \/>\n<span class=\"wpcf7-form-control-wrap\" data-name=\"your-email\"><input size=\"40\" maxlength=\"400\" class=\"wpcf7-form-control wpcf7-email wpcf7-validates-as-required wpcf7-text wpcf7-validates-as-email\" autocomplete=\"email\" aria-required=\"true\" aria-invalid=\"false\" placeholder=\"E-posti aadress\" value=\"\" type=\"email\" name=\"your-email\" \/><\/span> <\/label>\n\t\t\t<\/p>\n\t\t<\/div>\n\t<\/div>\n\t<div style=\"display: flex; flex-direction: row;\">\n\t\t<div class=\"input-field-wrapper form-col-1\">\n\t\t\t<p><label> Telefoninumber <span>*<\/span><br \/>\n<span class=\"wpcf7-form-control-wrap\" data-name=\"phone-number\"><input size=\"40\" maxlength=\"400\" class=\"wpcf7-form-control wpcf7-tel wpcf7-validates-as-required wpcf7-text wpcf7-validates-as-tel\" aria-required=\"true\" aria-invalid=\"false\" placeholder=\"Sinu telefoninumber\" value=\"\" type=\"tel\" name=\"phone-number\" \/><\/span> <\/label>\n\t\t\t<\/p>\n\t\t<\/div>\n\t\t<div class=\"input-field-wrapper form-col-2\">\n\t\t\t<p><label> Arvuti peamine eesm\u00e4rk <span>*<\/span><br \/>\n<\/label>\n\t\t\t<\/p>\n\t\t\t<div class=\"select-wrapper\">\n\t\t\t\t<p><span class=\"wpcf7-form-control-wrap\" data-name=\"pc-purpose\"><select class=\"wpcf7-form-control wpcf7-select wpcf7-validates-as-required\" aria-required=\"true\" aria-invalid=\"false\" name=\"pc-purpose\"><option value=\"Gaming\">Gaming<\/option><option value=\"Software development\">Software development<\/option><option value=\"Video montage\">Video montage<\/option><option value=\"CAD\">CAD<\/option><option value=\"Office\">Office<\/option><option value=\"Office\">Office<\/option><\/select><\/span>\n\t\t\t\t<\/p>\n\t\t\t<\/div>\n\t\t<\/div>\n\t<\/div>\n\t<div style=\"display: flex; flex-direction: row;\">\n\t\t<div class=\"input-field-wrapper form-col-1\">\n\t\t\t<p><label> Eelarve <span>*<\/span><br \/>\n<span class=\"wpcf7-form-control-wrap\" data-name=\"your-budget\"><input size=\"40\" maxlength=\"400\" class=\"wpcf7-form-control wpcf7-text wpcf7-validates-as-required\" aria-required=\"true\" aria-invalid=\"false\" placeholder=\"Teie eelarve\" value=\"\" type=\"text\" name=\"your-budget\" \/><\/span> <\/label>\n\t\t\t<\/p>\n\t\t<\/div>\n\t<\/div>\n<\/div>\n<div class=\"form-bottom-text\" style=\"display: flex; flex-direction: column;\">\n\t<h3>J\u00e4ta s\u00f5num\n\t<\/h3>\n\t<p>K\u00fcsige siin julgelt rohkem k\u00fcsimusi v\u00f5i j\u00e4tke oma tulevase eritellimusel valmistatud arvuti kohta t\u00e4psem kirjeldus\n\t<\/p>\n<\/div>\n<div class=\"form-comments-button\" style=\"display: flex; flex-direction: column;\">\n\t<p><label> S\u00f5num <span>*<\/span><br \/>\n<span class=\"wpcf7-form-control-wrap\" data-name=\"your-message\"><textarea cols=\"40\" rows=\"10\" maxlength=\"2000\" class=\"wpcf7-form-control wpcf7-textarea wpcf7-validates-as-required\" aria-required=\"true\" aria-invalid=\"false\" name=\"your-message\"><\/textarea><\/span> <\/label>\n\t<\/p>\n\t<p><input class=\"wpcf7-form-control wpcf7-submit has-spinner\" type=\"submit\" value=\"Saada\" \/>\n\t<\/p>\n<\/div><div class=\"wpcf7-response-output\" aria-hidden=\"true\"><\/div>\n<\/form>\n<\/div>\n<\/div>\n\t\t\t\t\t\t<\/div>\n\t\t\t\t<\/div>\n\t\t\t\t<\/section>\n\t\t\t\t<\/div>\n\t\t","protected":false},"excerpt":{"rendered":"","protected":false},"author":1,"featured_media":0,"parent":0,"menu_order":0,"comment_status":"closed","ping_status":"closed","template":"","meta":{"footnotes":""},"class_list":["post-3380","page","type-page","status-publish","hentry"],"_links":{"self":[{"href":"https:\/\/artofgaming.eu\/et\/wp-json\/wp\/v2\/pages\/3380","targetHints":{"allow":["GET"]}}],"collection":[{"href":"https:\/\/artofgaming.eu\/et\/wp-json\/wp\/v2\/pages"}],"about":[{"href":"https:\/\/artofgaming.eu\/et\/wp-json\/wp\/v2\/types\/page"}],"author":[{"embeddable":true,"href":"https:\/\/artofgaming.eu\/et\/wp-json\/wp\/v2\/users\/1"}],"replies":[{"embeddable":true,"href":"https:\/\/artofgaming.eu\/et\/wp-json\/wp\/v2\/comments?post=3380"}],"version-history":[{"count":34,"href":"https:\/\/artofgaming.eu\/et\/wp-json\/wp\/v2\/pages\/3380\/revisions"}],"predecessor-version":[{"id":3417,"href":"https:\/\/artofgaming.eu\/et\/wp-json\/wp\/v2\/pages\/3380\/revisions\/3417"}],"wp:attachment":[{"href":"https:\/\/artofgaming.eu\/et\/wp-json\/wp\/v2\/media?parent=3380"}],"curies":[{"name":"wp","href":"https:\/\/api.w.org\/{rel}","templated":true}]}}